{"id":11,"date":"2023-12-28T22:50:54","date_gmt":"2023-12-28T21:50:54","guid":{"rendered":"https:\/\/flaviapedrocchiveterinario.it\/?page_id=11"},"modified":"2026-01-23T19:52:07","modified_gmt":"2026-01-23T18:52:07","slug":"home","status":"publish","type":"page","link":"https:\/\/flaviapedrocchiveterinario.it\/","title":{"rendered":"Home"},"content":{"rendered":"\n<div style=\"height:48px\" aria-hidden=\"true\" class=\"wp-block-spacer\"><\/div>\n\n\n\n<h1 class=\"wp-block-heading has-text-align-center entry-title\">Dott.ssa Flavia Pedrocchi<br>Medico Veterinario<\/h1>\n\n\n\n<hr class=\"wp-block-separator has-alpha-channel-opacity\"\/>\n\n\n\n<p class=\"has-grey-color has-text-color has-link-color has-large-font-size wp-elements-179a179a1da8a2f62ecbcbfc9e49a939\">La mia missione \u00e8 seguire i miei pazienti con etica e con coscienza, impegnandomi in un continuo aggiornamento per trovare le migliori soluzioni adatte a loro.<\/p>\n\n\n\n<a name=\"Contatti\"><\/a>\n\n\n\n<div style=\"height:100px\" aria-hidden=\"true\" class=\"wp-block-spacer\"><\/div>\n\n\n\n<h3 class=\"wp-block-heading has-text-align-center entry-title\">Contatti<\/h3>\n\n\n\n<hr class=\"wp-block-separator has-alpha-channel-opacity\"\/>\n\n\n\n<ul class=\"wp-block-social-links has-large-icon-size is-style-pill-shape is-content-justification-center is-layout-flex wp-container-core-social-links-is-layout-1 wp-block-social-links-is-layout-flex\" style=\"justify-content: center;\"><li style=\"color: #ffffff; background-color: #5e8900; \" class=\"wp-social-link wp-social-link-mail wp-block-social-link\"><a href=\"mailto:flavia.pedrocchi@libero.it\" class=\"wp-block-social-link-anchor\"><svg width=\"24\" height=\"24\" viewBox=\"0 0 24 24\" version=\"1.1\" xmlns=\"http:\/\/www.w3.org\/2000\/svg\" aria-hidden=\"true\" focusable=\"false\"><path d=\"M20,4H4C2.895,4,2,4.895,2,6v12c0,1.105,0.895,2,2,2h16c1.105,0,2-0.895,2-2V6C22,4.895,21.105,4,20,4z M20,8.236l-8,4.882 L4,8.236V6h16V8.236z\"><\/path><\/svg><span class=\"wp-block-social-link-label screen-reader-text\">Mail<\/span><\/a><\/li>\n\n<li style=\"color: #ffffff; background-color: #5e8900; \" class=\"wp-social-link wp-social-link-whatsapp wp-block-social-link\"><a href=\"https:\/\/wa.me\/+393297797725\" class=\"wp-block-social-link-anchor\"><svg width=\"24\" height=\"24\" viewBox=\"0 0 24 24\" version=\"1.1\" xmlns=\"http:\/\/www.w3.org\/2000\/svg\" aria-hidden=\"true\" focusable=\"false\"><path d=\"M 12.011719 2 C 6.5057187 2 2.0234844 6.478375 2.0214844 11.984375 C 2.0204844 13.744375 2.4814687 15.462563 3.3554688 16.976562 L 2 22 L 7.2324219 20.763672 C 8.6914219 21.559672 10.333859 21.977516 12.005859 21.978516 L 12.009766 21.978516 C 17.514766 21.978516 21.995047 17.499141 21.998047 11.994141 C 22.000047 9.3251406 20.962172 6.8157344 19.076172 4.9277344 C 17.190172 3.0407344 14.683719 2.001 12.011719 2 z M 12.009766 4 C 14.145766 4.001 16.153109 4.8337969 17.662109 6.3417969 C 19.171109 7.8517969 20.000047 9.8581875 19.998047 11.992188 C 19.996047 16.396187 16.413812 19.978516 12.007812 19.978516 C 10.674812 19.977516 9.3544062 19.642812 8.1914062 19.007812 L 7.5175781 18.640625 L 6.7734375 18.816406 L 4.8046875 19.28125 L 5.2851562 17.496094 L 5.5019531 16.695312 L 5.0878906 15.976562 C 4.3898906 14.768562 4.0204844 13.387375 4.0214844 11.984375 C 4.0234844 7.582375 7.6067656 4 12.009766 4 z M 8.4765625 7.375 C 8.3095625 7.375 8.0395469 7.4375 7.8105469 7.6875 C 7.5815469 7.9365 6.9355469 8.5395781 6.9355469 9.7675781 C 6.9355469 10.995578 7.8300781 12.182609 7.9550781 12.349609 C 8.0790781 12.515609 9.68175 15.115234 12.21875 16.115234 C 14.32675 16.946234 14.754891 16.782234 15.212891 16.740234 C 15.670891 16.699234 16.690438 16.137687 16.898438 15.554688 C 17.106437 14.971687 17.106922 14.470187 17.044922 14.367188 C 16.982922 14.263188 16.816406 14.201172 16.566406 14.076172 C 16.317406 13.951172 15.090328 13.348625 14.861328 13.265625 C 14.632328 13.182625 14.464828 13.140625 14.298828 13.390625 C 14.132828 13.640625 13.655766 14.201187 13.509766 14.367188 C 13.363766 14.534188 13.21875 14.556641 12.96875 14.431641 C 12.71875 14.305641 11.914938 14.041406 10.960938 13.191406 C 10.218937 12.530406 9.7182656 11.714844 9.5722656 11.464844 C 9.4272656 11.215844 9.5585938 11.079078 9.6835938 10.955078 C 9.7955938 10.843078 9.9316406 10.663578 10.056641 10.517578 C 10.180641 10.371578 10.223641 10.267562 10.306641 10.101562 C 10.389641 9.9355625 10.347156 9.7890625 10.285156 9.6640625 C 10.223156 9.5390625 9.737625 8.3065 9.515625 7.8125 C 9.328625 7.3975 9.131125 7.3878594 8.953125 7.3808594 C 8.808125 7.3748594 8.6425625 7.375 8.4765625 7.375 z\"><\/path><\/svg><span class=\"wp-block-social-link-label screen-reader-text\">WhatsApp<\/span><\/a><\/li>\n\n<li style=\"color: #ffffff; background-color: #5e8900; \" class=\"wp-social-link wp-social-link-chain wp-block-social-link\"><a href=\"tel:+393297797725\" class=\"wp-block-social-link-anchor\"><svg height=\"64px\" width=\"64px\" version=\"1.1\" id=\"_x32_\" xmlns=\"http:\/\/www.w3.org\/2000\/svg\" xmlns:xlink=\"http:\/\/www.w3.org\/1999\/xlink\" viewBox=\"-107.52 -107.52 727.04 727.04\" xml:space=\"preserve\" fill=\"#ffffff\" stroke=\"#ffffff\" stroke-width=\"51.2\">\n\n<g id=\"SVGRepo_bgCarrier\" stroke-width=\"0\"><\/g>\n\n<g id=\"SVGRepo_tracerCarrier\" stroke-linecap=\"round\" stroke-linejoin=\"round\"><\/g>\n\n<g id=\"SVGRepo_iconCarrier\"> <style type=\"text\/css\"> .st0{fill:#ffffff;} <\/style> <g> <path class=\"st0\" d=\"M94.811,21.696c-35.18,22.816-42.091,94.135-28.809,152.262c10.344,45.266,32.336,105.987,69.42,163.165 c34.886,53.79,83.557,102.022,120.669,129.928c47.657,35.832,115.594,58.608,150.774,35.792 c17.789-11.537,44.218-43.058,45.424-48.714c0,0-15.498-23.896-18.899-29.14l-51.972-80.135 c-3.862-5.955-28.082-0.512-40.386,6.457c-16.597,9.404-31.882,34.636-31.882,34.636c-11.38,6.575-20.912,0.024-40.828-9.142 c-24.477-11.262-51.997-46.254-73.9-77.947c-20.005-32.923-40.732-72.322-41.032-99.264c-0.247-21.922-2.341-33.296,8.304-41.006 c0,0,29.272-3.666,44.627-14.984c11.381-8.392,26.228-28.286,22.366-34.242l-51.972-80.134c-3.401-5.244-18.899-29.14-18.899-29.14 C152.159-1.117,112.6,10.159,94.811,21.696z\"><\/path> <\/g> <\/g>\n\n<\/svg><span class=\"wp-block-social-link-label screen-reader-text\">Link<\/span><\/a><\/li><\/ul>\n\n\n\n<ul class=\"wp-block-social-links is-horizontal is-content-justification-center is-layout-flex wp-container-core-social-links-is-layout-937ffba9 wp-block-social-links-is-layout-flex\">\n\n<\/ul>\n\n\n\n<a name=\"Visite-a-Domicilio\"><\/a>\n\n\n\n<div style=\"height:100px\" aria-hidden=\"true\" class=\"wp-block-spacer\"><\/div>\n\n\n\n<h3 class=\"wp-block-heading has-text-align-center entry-title\">Visite a Domicilio<\/h3>\n\n\n\n<hr class=\"wp-block-separator has-alpha-channel-opacity\"\/>\n\n\n\n<figure class=\"wp-block-image size-full is-resized\"><img loading=\"lazy\" decoding=\"async\" width=\"959\" height=\"539\" src=\"https:\/\/flaviapedrocchiveterinario.it\/wp-content\/uploads\/2023\/12\/cat-e-dog.jpg\" alt=\"Img-Visite-a-Domicilio\" class=\"wp-image-26\" style=\"aspect-ratio:1.7843866171003717;object-fit:cover;width:790px;height:auto\" srcset=\"https:\/\/flaviapedrocchiveterinario.it\/wp-content\/uploads\/2023\/12\/cat-e-dog.jpg 959w, https:\/\/flaviapedrocchiveterinario.it\/wp-content\/uploads\/2023\/12\/cat-e-dog-300x169.jpg 300w, https:\/\/flaviapedrocchiveterinario.it\/wp-content\/uploads\/2023\/12\/cat-e-dog-768x432.jpg 768w, https:\/\/flaviapedrocchiveterinario.it\/wp-content\/uploads\/2023\/12\/cat-e-dog-900x506.jpg 900w\" sizes=\"auto, (max-width: 959px) 100vw, 959px\" \/><\/figure>\n\n\n\n<p class=\"has-grey-color has-text-color has-link-color wp-elements-b9f8e25b416e80495818aaa6354a8d35\">Le visite vengono svolte nell&#8217; ambiente domestico. Questo permette di visitare l&#8217;animale in un ambiente familiare, eliminando lo stress del trasporto, rendendo l&#8217;animale pi\u00f9 incline a farsi manipolare. La visita a domicilio permette di notare comportamenti, atteggiamenti particolari, e di valutare l&#8217;ambiente dove l&#8217;animale vive, cose importanti ai fini della diagnosi e della scelta terapeutica.<\/p>\n\n\n\n<a name=\"Consulenze-Nutrizionali\"><\/a>\n\n\n\n<div style=\"height:100px\" aria-hidden=\"true\" class=\"wp-block-spacer\"><\/div>\n\n\n\n<h3 class=\"wp-block-heading has-text-align-center entry-title\">Consulenze Nutrizionali<\/h3>\n\n\n\n<hr class=\"wp-block-separator has-alpha-channel-opacity\"\/>\n\n\n\n<figure class=\"wp-block-image size-full is-resized\"><img loading=\"lazy\" decoding=\"async\" width=\"959\" height=\"539\" src=\"https:\/\/flaviapedrocchiveterinario.it\/wp-content\/uploads\/2023\/12\/food.jpg\" alt=\"Img-Consulenze-Nutrizionali\" class=\"wp-image-24\" style=\"object-fit:cover;width:790px;height:auto\" srcset=\"https:\/\/flaviapedrocchiveterinario.it\/wp-content\/uploads\/2023\/12\/food.jpg 959w, https:\/\/flaviapedrocchiveterinario.it\/wp-content\/uploads\/2023\/12\/food-300x169.jpg 300w, https:\/\/flaviapedrocchiveterinario.it\/wp-content\/uploads\/2023\/12\/food-768x432.jpg 768w, https:\/\/flaviapedrocchiveterinario.it\/wp-content\/uploads\/2023\/12\/food-900x506.jpg 900w\" sizes=\"auto, (max-width: 959px) 100vw, 959px\" \/><\/figure>\n\n\n\n<p class=\"has-grey-color has-text-color has-link-color wp-elements-dcfe605f9e84f8fd94eaf950164eacfc\">E&#8217; possibile svolgere le visite in presenza oppure on line. Attraverso l&#8217;elaborazione di diete fresche riusciamo a trattare le patologie in associazione alle terapie prescritte, riusciamo a fare prevenzione, a normalizzare il peso, e ad alimentare l&#8217;animale correttamente in qualunque fase della vita esso sia. Le diete, le elaboreremo insieme per renderle facili da fare e utilizzare, vi dar\u00f2 consigli su come prepararle e vi guider\u00f2 passo passo fino al raggiungimento del risultato.<\/p>\n\n\n\n<a name=\"Medicina-Integrata\"><\/a>\n\n\n\n<div style=\"height:100px\" aria-hidden=\"true\" class=\"wp-block-spacer\"><\/div>\n\n\n\n<h3 class=\"wp-block-heading has-text-align-center entry-title\">Medicina Integrata<\/h3>\n\n\n\n<hr class=\"wp-block-separator has-alpha-channel-opacity\"\/>\n\n\n\n<figure class=\"wp-block-image size-full is-resized\"><img loading=\"lazy\" decoding=\"async\" width=\"959\" height=\"621\" src=\"https:\/\/flaviapedrocchiveterinario.it\/wp-content\/uploads\/2023\/12\/plant.jpg\" alt=\"Img-Medicina-Integrata\" class=\"wp-image-27\" style=\"object-fit:cover;width:791px;height:auto\" srcset=\"https:\/\/flaviapedrocchiveterinario.it\/wp-content\/uploads\/2023\/12\/plant.jpg 959w, https:\/\/flaviapedrocchiveterinario.it\/wp-content\/uploads\/2023\/12\/plant-300x194.jpg 300w, https:\/\/flaviapedrocchiveterinario.it\/wp-content\/uploads\/2023\/12\/plant-768x497.jpg 768w, https:\/\/flaviapedrocchiveterinario.it\/wp-content\/uploads\/2023\/12\/plant-900x583.jpg 900w\" sizes=\"auto, (max-width: 959px) 100vw, 959px\" \/><\/figure>\n\n\n\n<p class=\"has-grey-color has-text-color has-link-color wp-elements-e9c4616bcae8e06e3278c6b5acc10572\">Lo scopo \u00e8 ripristinare l&#8217;equilibrio del paziente, utilizzando fitoterapia, omotossicologia, micoterapia , aromaterapia, floriterapia, trattamenti energetici, come sostegno alla medicina tradizionale o in sostituzione.<\/p>\n\n\n\n<a name=\"Ozonoterapia\"><\/a>\n\n\n\n<div style=\"height:100px\" aria-hidden=\"true\" class=\"wp-block-spacer\"><\/div>\n\n\n\n<h3 class=\"wp-block-heading has-text-align-center entry-title\">Ozonoterapia<\/h3>\n\n\n\n<hr class=\"wp-block-separator has-alpha-channel-opacity\"\/>\n\n\n\n<figure class=\"wp-block-image size-full is-resized\"><img loading=\"lazy\" decoding=\"async\" width=\"959\" height=\"539\" src=\"https:\/\/flaviapedrocchiveterinario.it\/wp-content\/uploads\/2023\/12\/ozono.jpg\" alt=\"Img-Ozonoterapia\" class=\"wp-image-29\" style=\"object-fit:cover;width:790px;height:auto\" srcset=\"https:\/\/flaviapedrocchiveterinario.it\/wp-content\/uploads\/2023\/12\/ozono.jpg 959w, https:\/\/flaviapedrocchiveterinario.it\/wp-content\/uploads\/2023\/12\/ozono-300x169.jpg 300w, https:\/\/flaviapedrocchiveterinario.it\/wp-content\/uploads\/2023\/12\/ozono-768x432.jpg 768w, https:\/\/flaviapedrocchiveterinario.it\/wp-content\/uploads\/2023\/12\/ozono-900x506.jpg 900w\" sizes=\"auto, (max-width: 959px) 100vw, 959px\" \/><\/figure>\n\n\n\n<p class=\"has-grey-color has-text-color has-link-color wp-elements-afdb11a6e9be39670bcdeb23b2a91c3b\">Faccio parte dell&#8217;associazione CIO3, un&#8217;associazione di medici e veterinari che mirano alla diffusione dell&#8217;ozonoterapia condividendo esperienze e successi. Tra le patologie che \u00e8 possibile trattare con questa tecnica: patologie discali e articolari, dermatiti, otiti, otoematomi, cistiti, malattia del rene, del fegato, leishmaniosi, herpervirus, calicivirus, gastroenteriti, patologie endocrine. Effettuo queste prestazioni anche a domicilio (Roma e provincia).<\/p>\n\n\n\n<a name=\"Chi-sono\"><\/a>\n\n\n\n<div style=\"height:100px\" aria-hidden=\"true\" class=\"wp-block-spacer\"><\/div>\n\n\n\n<h3 class=\"wp-block-heading has-text-align-center entry-title\">Chi sono<\/h3>\n\n\n\n<hr class=\"wp-block-separator has-alpha-channel-opacity\"\/>\n\n\n\n<p class=\"has-grey-color has-text-color has-link-color wp-elements-89801e79f341a81971d4d08bde58572d\">\u00c8 il sogno di bambina che diventa realt\u00e0. Mi sono laureata nel 2010 presso l&#8217;universit\u00e0 degli studi di Perugia, con una tesi sulla neurologia del cane e del gatto, la mia prima grande passione che mi ha portato a lavorare fin da subito, dopo qualche mese di tirocinio, presso una delle pi\u00f9 grandi e rinomate cliniche veterinarie di Roma. Dal 2012 ho lavorato presso numerosi ambulatori, ottenendo conoscenze sufficienti per aprire nel 2017 una mia struttura a Roma centro, che ho avuto in societ\u00e0 con un collega per 5 anni. Qui ho coltivato la passione per l&#8217;anestesia, che ho approfondito con un corso di perfezionamento presso l&#8217;universit\u00e0 di Napoli. Negli ultimi anni, l&#8217;amore spassionato per la medicina integrata, la nutrizione e l&#8217;ozonoterapia in affiancamento alla medicina tradizionale, mi ha portato a lasciare il mio ambulatorio. Mi sono diplomata presso l&#8217;accademia AIMOV per la medicina integrata e ho terminato il corso biennale di omotossicologia.<br>Al momento mi occupo della gestione a 360\u00b0 gradi dei miei pazienti a domicilio, e negli ambulatori con cui collaboro.<\/p>\n\n\n\n<div style=\"height:100px\" aria-hidden=\"true\" class=\"wp-block-spacer\"><\/div>\n","protected":false},"excerpt":{"rendered":"<p>Dott.ssa Flavia PedrocchiMedico Veterinario La mia missione \u00e8 seguire i miei pazienti con etica e con coscienza, impegnandomi in un continuo aggiornamento per trovare le&hellip;<\/p>\n","protected":false},"author":1,"featured_media":0,"parent":0,"menu_order":0,"comment_status":"closed","ping_status":"closed","template":"","meta":{"footnotes":""},"class_list":["post-11","page","type-page","status-publish","hentry"],"_links":{"self":[{"href":"https:\/\/flaviapedrocchiveterinario.it\/index.php?rest_route=\/wp\/v2\/pages\/11","targetHints":{"allow":["GET"]}}],"collection":[{"href":"https:\/\/flaviapedrocchiveterinario.it\/index.php?rest_route=\/wp\/v2\/pages"}],"about":[{"href":"https:\/\/flaviapedrocchiveterinario.it\/index.php?rest_route=\/wp\/v2\/types\/page"}],"author":[{"embeddable":true,"href":"https:\/\/flaviapedrocchiveterinario.it\/index.php?rest_route=\/wp\/v2\/users\/1"}],"replies":[{"embeddable":true,"href":"https:\/\/flaviapedrocchiveterinario.it\/index.php?rest_route=%2Fwp%2Fv2%2Fcomments&post=11"}],"version-history":[{"count":42,"href":"https:\/\/flaviapedrocchiveterinario.it\/index.php?rest_route=\/wp\/v2\/pages\/11\/revisions"}],"predecessor-version":[{"id":100,"href":"https:\/\/flaviapedrocchiveterinario.it\/index.php?rest_route=\/wp\/v2\/pages\/11\/revisions\/100"}],"wp:attachment":[{"href":"https:\/\/flaviapedrocchiveterinario.it\/index.php?rest_route=%2Fwp%2Fv2%2Fmedia&parent=11"}],"curies":[{"name":"wp","href":"https:\/\/api.w.org\/{rel}","templated":true}]}}